{"id":693,"date":"2022-02-17T19:57:43","date_gmt":"2022-02-17T19:57:43","guid":{"rendered":"http:\/\/consultoriosmedicosdrmauriciodossantos.com\/?page_id=693"},"modified":"2026-03-05T12:33:28","modified_gmt":"2026-03-05T12:33:28","slug":"inicio","status":"publish","type":"page","link":"https:\/\/consultoriosmedicosdrmauriciodossantos.com\/","title":{"rendered":"Inicio"},"content":{"rendered":"<p>[et_pb_section fb_built=\u00bb1&#8243; _builder_version=\u00bb4.4.6&#8243; background_enable_image=\u00bboff\u00bb][et_pb_row column_structure=\u00bb1_2,1_2&#8243; _builder_version=\u00bb4.4.6&#8243;][et_pb_column type=\u00bb1_2&#8243; _builder_version=\u00bb4.4.6&#8243;][et_pb_text admin_label=\u00bbFacebook\u00bb _builder_version=\u00bb4.4.6&#8243; text_text_color=\u00bb#ffffff\u00bb background_color=\u00bb#3b5998&#8243; text_orientation=\u00bbcenter\u00bb custom_padding=\u00bb5px||5px||false|false\u00bb]<a href=\"https:\/\/www.facebook.com\/Consultorios-M%C3%A9dicos-CMT-100303749296604\" target=\"blank\" rel=\"noopener\" style=\"color:#fff;\"><i class=\"fab fa-facebook-square fa-3x\"><\/i> Facebook<\/a>[\/et_pb_text][\/et_pb_column][et_pb_column type=\u00bb1_2&#8243; _builder_version=\u00bb4.4.6&#8243;][et_pb_text admin_label=\u00bbInstagram\u00bb _builder_version=\u00bb4.4.6&#8243; text_text_color=\u00bb#ffffff\u00bb background_color=\u00bb#D43089&#8243; text_orientation=\u00bbcenter\u00bb custom_padding=\u00bb5px||5px||false|false\u00bb]<a href=\"https:\/\/www.instagram.com\/cmt_consultorios\/\" target=\"blank\" rel=\"noopener\" style=\"color:#fff;\"><i class=\"fab fa-instagram-square fa-3x\"><\/i><\/i> Instagram<\/a>[\/et_pb_text][\/et_pb_column][\/et_pb_row][et_pb_row _builder_version=\u00bb4.4.6&#8243; background_color=\u00bbrgba(0,0,0,0)\u00bb][et_pb_column type=\u00bb4_4&#8243; _builder_version=\u00bb4.4.6&#8243;][\/et_pb_column][\/et_pb_row][et_pb_row column_structure=\u00bb1_4,1_4,1_4,1_4&#8243; _builder_version=\u00bb4.4.6&#8243;][et_pb_column type=\u00bb1_4&#8243; _builder_version=\u00bb4.4.6&#8243;][et_pb_text _builder_version=\u00bb4.4.6&#8243; text_text_color=\u00bb#ffffff\u00bb text_font_size=\u00bb18px\u00bb ul_text_color=\u00bb#ffffff\u00bb text_orientation=\u00bbcenter\u00bb custom_margin=\u00bb||||true|true\u00bb custom_padding=\u00bb10px|10px|10px|10px|true|true\u00bb custom_css_main_element=\u00bbbackground:#539F35;\u00bb]<i class=\"fab fa-whatsapp\" style=\"color: #fff\"><\/i> Recetas 2914726460[\/et_pb_text][\/et_pb_column][et_pb_column type=\u00bb1_4&#8243; _builder_version=\u00bb4.4.6&#8243;][et_pb_text _builder_version=\u00bb4.4.6&#8243; text_text_color=\u00bb#ffffff\u00bb text_font_size=\u00bb18px\u00bb text_orientation=\u00bbcenter\u00bb custom_padding=\u00bb10px|10px|10px|10px|true|true\u00bb custom_css_main_element=\u00bbbackground:#113B6A;\u00bb]<i class=\"fab fa-whatsapp\" style=\"color: #fff\"><\/i> Turnos 2935401018[\/et_pb_text][\/et_pb_column][et_pb_column type=\u00bb1_4&#8243; _builder_version=\u00bb4.4.6&#8243;][et_pb_button button_url=\u00bbhttps:\/\/blipdoc.com\/portal\/cmdossantos\u00bb url_new_window=\u00bbon\u00bb button_text=\u00bbTurno Online\u00bb button_alignment=\u00bbcenter\u00bb admin_label=\u00bb Turno Online\u00bb _builder_version=\u00bb4.4.6&#8243; custom_button=\u00bbon\u00bb button_text_size=\u00bb16px\u00bb button_text_color=\u00bb#ffffff\u00bb button_bg_color=\u00bb#539F35&#8243; custom_css_main_element=\u00bbbackground:#539F35;\u00bb][\/et_pb_button][\/et_pb_column][et_pb_column type=\u00bb1_4&#8243; _builder_version=\u00bb4.4.6&#8243;][et_pb_button button_url=\u00bbhttps:\/\/consultoriosmedicosdrmauriciodossantos.com\/index.php\/estudios\/\u00bb button_text=\u00bbMis Estudios\u00bb button_alignment=\u00bbcenter\u00bb admin_label=\u00bbMis Estudios\u00bb _builder_version=\u00bb4.4.6&#8243; custom_button=\u00bbon\u00bb button_text_size=\u00bb17px\u00bb button_text_color=\u00bb#ffffff\u00bb button_bg_color=\u00bb#113B6A\u00bb][\/et_pb_button][\/et_pb_column][\/et_pb_row][et_pb_row column_structure=\u00bb1_3,1_3,1_3&#8243; _builder_version=\u00bb4.4.6&#8243; background_image=\u00bbhttps:\/\/consultoriosmedicosdrmauriciodossantos.com\/wp-content\/uploads\/2022\/03\/fondo3.jpg\u00bb custom_padding=\u00bb50px|50px|50px|50px|false|false\u00bb][et_pb_column type=\u00bb1_3&#8243; _builder_version=\u00bb4.4.6&#8243;][et_pb_text admin_label=\u00bbEspecialidades Col 1&#8243; _builder_version=\u00bb4.4.6&#8243; text_font=\u00bbPoppins||||||||\u00bb text_text_color=\u00bb#ffffff\u00bb text_font_size=\u00bb24px\u00bb text_line_height=\u00bb1.9em\u00bb ul_font_size=\u00bb22px\u00bb ul_font_size_tablet=\u00bb\u00bb ul_font_size_phone=\u00bb18px\u00bb ul_font_size_last_edited=\u00bbon|phone\u00bb]<\/p>\n<ul>\n<li>Medicina General<\/li>\n<li>Medicina del Trabajo<\/li>\n<li>Medicina Familiar<\/li>\n<li>Ecograf\u00eda<\/li>\n<li>Oftalmolog\u00eda<\/li>\n<li>Ginecolog\u00eda<\/li>\n<li>Cl\u00ednica M\u00e9dica<\/li>\n<li>Electrofisiolog\u00eda<\/li>\n<li>Neumonolog\u00eda<\/li>\n<\/ul>\n<p>[\/et_pb_text][\/et_pb_column][et_pb_column type=\u00bb1_3&#8243; _builder_version=\u00bb4.4.6&#8243;][et_pb_text admin_label=\u00bbEspecialidades Col 2&#8243; _builder_version=\u00bb4.4.6&#8243; text_font=\u00bbPoppins||||||||\u00bb text_text_color=\u00bb#ffffff\u00bb text_font_size=\u00bb20px\u00bb text_line_height=\u00bb1.9em\u00bb ul_font_size=\u00bb22px\u00bb ul_font_size_tablet=\u00bb\u00bb ul_font_size_phone=\u00bb18px\u00bb ul_font_size_last_edited=\u00bbon|phone\u00bb]<\/p>\n<ul>\n<li>Urolog\u00eda<\/li>\n<li>Psicolog\u00eda Adultos<\/li>\n<li>Sexolog\u00eda<\/li>\n<li>Reumatolog\u00eda<\/li>\n<li>Nutrici\u00f3n<\/li>\n<li>Gastroenterolog\u00eda<\/li>\n<li>Dermatolog\u00eda<\/li>\n<li>Terapista Ocupacional<\/li>\n<li>Neurolog\u00eda<\/li>\n<\/ul>\n<p>[\/et_pb_text][\/et_pb_column][et_pb_column type=\u00bb1_3&#8243; _builder_version=\u00bb4.4.6&#8243;][et_pb_text admin_label=\u00bbEspecialidades Col 3&#8243; _builder_version=\u00bb4.4.6&#8243; text_font=\u00bbPoppins||||||||\u00bb text_text_color=\u00bb#ffffff\u00bb text_font_size=\u00bb20px\u00bb text_line_height=\u00bb1.9em\u00bb ul_font_size=\u00bb22px\u00bb ul_font_size_tablet=\u00bb\u00bb ul_font_size_phone=\u00bb18px\u00bb ul_font_size_last_edited=\u00bbon|phone\u00bb]<\/p>\n<ul>\n<li>Enfermer\u00eda<\/li>\n<li>Traumatolog\u00eda<\/li>\n<li>Cardiolog\u00eda<\/li>\n<li>Otorrinolaringolog\u00eda<\/li>\n<li>Psiquiatr\u00eda<\/li>\n<li>Endocrinologia<\/li>\n<li>Flebolog\u00eda<\/li>\n<li>Odontolog\u00eda<\/li>\n<li>Hematolog\u00eda<\/li>\n<\/ul>\n<p>[\/et_pb_text][\/et_pb_column][\/et_pb_row][et_pb_row _builder_version=\u00bb4.4.6&#8243; background_color=\u00bbrgba(0,0,0,0)\u00bb][et_pb_column type=\u00bb4_4&#8243; _builder_version=\u00bb4.4.6&#8243;][\/et_pb_column][\/et_pb_row][et_pb_row column_structure=\u00bb1_2,1_2&#8243; _builder_version=\u00bb4.4.6&#8243;][et_pb_column type=\u00bb1_2&#8243; _builder_version=\u00bb4.4.6&#8243;][\/et_pb_column][et_pb_column type=\u00bb1_2&#8243; _builder_version=\u00bb4.4.6&#8243;][\/et_pb_column][\/et_pb_row][\/et_pb_section][et_pb_section fb_built=\u00bb1&#8243; _builder_version=\u00bb4.4.6&#8243;][et_pb_row admin_label=\u00bbFila &#8211; Medicina Laboral\u00bb _builder_version=\u00bb4.4.6&#8243; width=\u00bb90%\u00bb max_width=\u00bb1200px\u00bb overflow-x=\u00bbhidden\u00bb overflow-y=\u00bbhidden\u00bb border_radii=\u00bbon|10px|10px|10px|10px\u00bb][et_pb_column type=\u00bb4_4&#8243; _builder_version=\u00bb4.4.6&#8243;][et_pb_text _builder_version=\u00bb4.4.6&#8243; text_font=\u00bbPoppins||||||||\u00bb header_2_text_color=\u00bb#173962&#8243;]<\/p>\n<h2>Medicina Laboral<\/h2>\n<p>Proveemos servicios de medicina laboral para Tornquist y Sierra de la Ventana garantizando la mejor calidad, optimizando costos, velando por el bienestar y la salud de los trabajadores.<\/p>\n<ul>\n<li>Asesoramiento permanente<\/li>\n<li>Planificaci\u00f3n de tareas.<\/li>\n<li><strong>Examen preocupacional<\/strong>\u00a0de acuardo a la ley de higiene y seguridad en el trabajo 19.587<\/li>\n<\/ul>\n<p>&nbsp;<\/p>\n<p>[\/et_pb_text][\/et_pb_column][\/et_pb_row][et_pb_row column_structure=\u00bb1_2,1_2&#8243; _builder_version=\u00bb4.4.6&#8243; width=\u00bb90%\u00bb max_width=\u00bb1200px\u00bb][et_pb_column type=\u00bb1_2&#8243; _builder_version=\u00bb4.4.6&#8243;][et_pb_text module_class=\u00bbdireccion\u00bb _builder_version=\u00bb4.4.6&#8243; background_color=\u00bb#ffffff\u00bb height=\u00bb152px\u00bb border_width_all=\u00bb1px\u00bb border_color_all=\u00bb#9b9b9b\u00bb]<\/p>\n<h2><img decoding=\"async\" loading=\"lazy\" class=\"wp-image-323 alignleft size-medium\" src=\"https:\/\/consultoriosmedicosdrmauriciodossantos.com\/wp-content\/uploads\/2020\/05\/consultorio-tornquist-300x225.jpg\" alt=\"\" width=\"200\" height=\"150\" \/>En Tornquist<\/h2>\n<p><i class=\"fas fa-map-marker\"><\/i> Espa\u00f1a 56<br \/><i class=\"fab fa-whatsapp\" style=\"color: #00bb2d;\"><\/i> Recetas 291 4726460<br \/><i class=\"fab fa-whatsapp\" style=\"color: #00bb2d;\"><\/i> Turnos 2935401018<\/p>\n<p>[\/et_pb_text][\/et_pb_column][et_pb_column type=\u00bb1_2&#8243; _builder_version=\u00bb4.4.6&#8243;][et_pb_button button_url=\u00bbhttps:\/\/blipdoc.com\/portal\/cmdossantos\u00bb url_new_window=\u00bbon\u00bb button_text=\u00bbSolicitar Turno Online\u00bb button_alignment=\u00bbcenter\u00bb _builder_version=\u00bb4.4.6&#8243; custom_button=\u00bbon\u00bb button_text_color=\u00bb#ffffff\u00bb button_bg_color=\u00bb#539F35&#8243;][\/et_pb_button][\/et_pb_column][\/et_pb_row][et_pb_row _builder_version=\u00bb4.4.6&#8243;][et_pb_column type=\u00bb4_4&#8243; _builder_version=\u00bb4.4.6&#8243;][et_pb_text admin_label=\u00bbEstudios que realizamos\u00bb _builder_version=\u00bb4.4.6&#8243; text_font=\u00bbPoppins||||||||\u00bb header_2_text_color=\u00bb#173962&#8243;]<\/p>\n<h2 style=\"text-align: center;\">Estudios que realizamos<\/h2>\n<ul>\n<li>Ecograf\u00eda general Obstetrica, ginecol\u00f3gica, urol\u00f3gica, partes blandas, etc.<\/li>\n<li>Tonometr\u00eda ocular. Agudeza visual. Fondo de ojos.<\/li>\n<li>Paquimetr\u00eda. Tomograf\u00eda de coherencia \u00f3ptica.<\/li>\n<li>Campo visual computarizado<\/li>\n<li>Espirometr\u00eda adultos y ni\u00f1os.<\/li>\n<li>Test de marcha. Oximetr\u00eda.<\/li>\n<li>Electrocardiograma.<\/li>\n<li>Holter.<\/li>\n<li>Ergometr\u00eda.<\/li>\n<li>Electroencefalograma.<\/li>\n<li>Urodinamia y ex\u00e1menes prost\u00e1ticos.<\/li>\n<li>Papanicolaou. video laringoscopia.<\/li>\n<li>Control de Marcapasos.<\/li>\n<li>Video colposcop\u00eda.<\/li>\n<\/ul>\n<p>[\/et_pb_text][\/et_pb_column][\/et_pb_row][et_pb_row _builder_version=\u00bb4.4.6&#8243; width=\u00bb90%\u00bb max_width=\u00bb1200px\u00bb][et_pb_column type=\u00bb4_4&#8243; _builder_version=\u00bb4.4.6&#8243;][et_pb_text _builder_version=\u00bb4.4.6&#8243; text_font=\u00bbPoppins||||||||\u00bb header_2_text_color=\u00bb#173962&#8243;]<\/p>\n<h2 style=\"text-align: center;\">Noticias y Novedades<\/h2>\n<p>[\/et_pb_text][et_pb_blog fullwidth=\u00bboff\u00bb posts_number=\u00bb6&#8243; include_categories=\u00bball\u00bb show_author=\u00bboff\u00bb show_pagination=\u00bboff\u00bb module_id=\u00bbnovedades\u00bb _builder_version=\u00bb4.4.6&#8243;][\/et_pb_blog][et_pb_button button_url=\u00bbhttps:\/\/consultoriosmedicosdrmauriciodossantos.com\/index.php\/novedades\/\u00bb button_text=\u00bbMas Noticias\u00bb button_alignment=\u00bbcenter\u00bb _builder_version=\u00bb4.4.6&#8243;][\/et_pb_button][\/et_pb_column][\/et_pb_row][et_pb_row column_structure=\u00bb1_6,1_6,1_6,1_6,1_6,1_6&#8243; _builder_version=\u00bb4.4.6&#8243; custom_margin=\u00bb50px||||false|false\u00bb][et_pb_column type=\u00bb1_6&#8243; _builder_version=\u00bb4.4.6&#8243;][et_pb_image src=\u00bbhttps:\/\/consultoriosmedicosdrmauriciodossantos.com\/wp-content\/uploads\/2020\/06\/logo-circulo-medico.png\u00bb title_text=\u00bblogo-circulo-medico\u00bb _builder_version=\u00bb4.4.6&#8243;][\/et_pb_image][\/et_pb_column][et_pb_column type=\u00bb1_6&#8243; _builder_version=\u00bb4.4.6&#8243;][et_pb_image src=\u00bbhttps:\/\/consultoriosmedicosdrmauriciodossantos.com\/wp-content\/uploads\/2020\/06\/logo-provincia-art.jpg\u00bb title_text=\u00bblogo-provincia-art\u00bb _builder_version=\u00bb4.4.6&#8243;][\/et_pb_image][\/et_pb_column][et_pb_column type=\u00bb1_6&#8243; _builder_version=\u00bb4.4.6&#8243;][et_pb_image src=\u00bbhttps:\/\/consultoriosmedicosdrmauriciodossantos.com\/wp-content\/uploads\/2020\/06\/logo-smg.jpg\u00bb title_text=\u00bblogo-smg\u00bb _builder_version=\u00bb4.4.6&#8243;][\/et_pb_image][\/et_pb_column][et_pb_column type=\u00bb1_6&#8243; _builder_version=\u00bb4.4.6&#8243;][et_pb_image src=\u00bbhttps:\/\/consultoriosmedicosdrmauriciodossantos.com\/wp-content\/uploads\/2026\/03\/galeno-logo_art-614&#215;390-1.jpg\u00bb title_text=\u00bbgaleno-logo_art-614&#215;390&#8243; _builder_version=\u00bb4.4.6&#8243;][\/et_pb_image][\/et_pb_column][et_pb_column type=\u00bb1_6&#8243; _builder_version=\u00bb4.4.6&#8243;][et_pb_image src=\u00bbhttps:\/\/consultoriosmedicosdrmauriciodossantos.com\/wp-content\/uploads\/2026\/03\/ART-Azul-LOGO.png\u00bb title_text=\u00bbART-Azul-LOGO\u00bb _builder_version=\u00bb4.4.6&#8243;][\/et_pb_image][\/et_pb_column][et_pb_column type=\u00bb1_6&#8243; _builder_version=\u00bb4.4.6&#8243;][et_pb_image src=\u00bbhttps:\/\/consultoriosmedicosdrmauriciodossantos.com\/wp-content\/uploads\/2026\/03\/andina-resize-1.jpg\u00bb title_text=\u00bbCREATOR: gd-jpeg v1.0 (using IJG JPEG v62), quality = 82&#8243; _builder_version=\u00bb4.4.6&#8243;][\/et_pb_image][\/et_pb_column][\/et_pb_row][\/et_pb_section][et_pb_section fb_built=\u00bb1&#8243; _builder_version=\u00bb4.4.6&#8243;][\/et_pb_section]<\/p>\n","protected":false},"excerpt":{"rendered":"<p>[et_pb_section fb_built=\u00bb1&#8243; _builder_version=\u00bb4.4.6&#8243; background_enable_image=\u00bboff\u00bb][et_pb_row column_structure=\u00bb1_2,1_2&#8243; _builder_version=\u00bb4.4.6&#8243;][et_pb_column type=\u00bb1_2&#8243; _builder_version=\u00bb4.4.6&#8243;][et_pb_text admin_label=\u00bbFacebook\u00bb _builder_version=\u00bb4.4.6&#8243; text_text_color=\u00bb#ffffff\u00bb background_color=\u00bb#3b5998&#8243; text_orientation=\u00bbcenter\u00bb custom_padding=\u00bb5px||5px||false|false\u00bb] Facebook[\/et_pb_text][\/et_pb_column][et_pb_column type=\u00bb1_2&#8243; _builder_version=\u00bb4.4.6&#8243;][et_pb_text admin_label=\u00bbInstagram\u00bb _builder_version=\u00bb4.4.6&#8243; text_text_color=\u00bb#ffffff\u00bb background_color=\u00bb#D43089&#8243; text_orientation=\u00bbcenter\u00bb custom_padding=\u00bb5px||5px||false|false\u00bb] Instagram[\/et_pb_text][\/et_pb_column][\/et_pb_row][et_pb_row _builder_version=\u00bb4.4.6&#8243; background_color=\u00bbrgba(0,0,0,0)\u00bb][et_pb_column type=\u00bb4_4&#8243; _builder_version=\u00bb4.4.6&#8243;][\/et_pb_column][\/et_pb_row][et_pb_row column_structure=\u00bb1_4,1_4,1_4,1_4&#8243; _builder_version=\u00bb4.4.6&#8243;][et_pb_column type=\u00bb1_4&#8243; _builder_version=\u00bb4.4.6&#8243;][et_pb_text _builder_version=\u00bb4.4.6&#8243; text_text_color=\u00bb#ffffff\u00bb text_font_size=\u00bb18px\u00bb ul_text_color=\u00bb#ffffff\u00bb text_orientation=\u00bbcenter\u00bb custom_margin=\u00bb||||true|true\u00bb custom_padding=\u00bb10px|10px|10px|10px|true|true\u00bb custom_css_main_element=\u00bbbackground:#539F35;\u00bb] Recetas 2914726460[\/et_pb_text][\/et_pb_column][et_pb_column type=\u00bb1_4&#8243; _builder_version=\u00bb4.4.6&#8243;][et_pb_text _builder_version=\u00bb4.4.6&#8243; text_text_color=\u00bb#ffffff\u00bb text_font_size=\u00bb18px\u00bb text_orientation=\u00bbcenter\u00bb custom_padding=\u00bb10px|10px|10px|10px|true|true\u00bb custom_css_main_element=\u00bbbackground:#113B6A;\u00bb] Turnos 2935401018[\/et_pb_text][\/et_pb_column][et_pb_column type=\u00bb1_4&#8243; _builder_version=\u00bb4.4.6&#8243;][et_pb_button button_url=\u00bbhttps:\/\/blipdoc.com\/portal\/cmdossantos\u00bb [&hellip;]<\/p>\n","protected":false},"author":1,"featured_media":0,"parent":0,"menu_order":0,"comment_status":"closed","ping_status":"closed","template":"","meta":{"_et_pb_use_builder":"on","_et_pb_old_content":"","_et_gb_content_width":""},"yoast_head":"<!-- This site is optimized with the Yoast SEO plugin v14.3 - https:\/\/yoast.com\/wordpress\/plugins\/seo\/ -->\n<title>Inicio - Consultorios Medicos<\/title>\n<meta name=\"robots\" content=\"index, follow\" \/>\n<meta name=\"googlebot\" content=\"index, follow, max-snippet:-1, max-image-preview:large, max-video-preview:-1\" \/>\n<meta name=\"bingbot\" content=\"index, follow, max-snippet:-1, max-image-preview:large, max-video-preview:-1\" \/>\n<link rel=\"canonical\" href=\"https:\/\/consultoriosmedicosdrmauriciodossantos.com\/\" \/>\n<meta property=\"og:locale\" content=\"es_ES\" \/>\n<meta property=\"og:type\" content=\"article\" \/>\n<meta property=\"og:title\" content=\"Inicio - Consultorios Medicos\" \/>\n<meta property=\"og:description\" content=\"[et_pb_section fb_built=\u00bb1&#8243; _builder_version=\u00bb4.4.6&#8243; background_enable_image=\u00bboff\u00bb][et_pb_row column_structure=\u00bb1_2,1_2&#8243; _builder_version=\u00bb4.4.6&#8243;][et_pb_column type=\u00bb1_2&#8243; _builder_version=\u00bb4.4.6&#8243;][et_pb_text admin_label=\u00bbFacebook\u00bb _builder_version=\u00bb4.4.6&#8243; text_text_color=\u00bb#ffffff\u00bb background_color=\u00bb#3b5998&#8243; text_orientation=\u00bbcenter\u00bb custom_padding=\u00bb5px||5px||false|false\u00bb] Facebook[\/et_pb_text][\/et_pb_column][et_pb_column type=\u00bb1_2&#8243; _builder_version=\u00bb4.4.6&#8243;][et_pb_text admin_label=\u00bbInstagram\u00bb _builder_version=\u00bb4.4.6&#8243; text_text_color=\u00bb#ffffff\u00bb background_color=\u00bb#D43089&#8243; text_orientation=\u00bbcenter\u00bb custom_padding=\u00bb5px||5px||false|false\u00bb] Instagram[\/et_pb_text][\/et_pb_column][\/et_pb_row][et_pb_row _builder_version=\u00bb4.4.6&#8243; background_color=\u00bbrgba(0,0,0,0)\u00bb][et_pb_column type=\u00bb4_4&#8243; _builder_version=\u00bb4.4.6&#8243;][\/et_pb_column][\/et_pb_row][et_pb_row column_structure=\u00bb1_4,1_4,1_4,1_4&#8243; _builder_version=\u00bb4.4.6&#8243;][et_pb_column type=\u00bb1_4&#8243; _builder_version=\u00bb4.4.6&#8243;][et_pb_text _builder_version=\u00bb4.4.6&#8243; text_text_color=\u00bb#ffffff\u00bb text_font_size=\u00bb18px\u00bb ul_text_color=\u00bb#ffffff\u00bb text_orientation=\u00bbcenter\u00bb custom_margin=\u00bb||||true|true\u00bb custom_padding=\u00bb10px|10px|10px|10px|true|true\u00bb custom_css_main_element=\u00bbbackground:#539F35;\u00bb] Recetas 2914726460[\/et_pb_text][\/et_pb_column][et_pb_column type=\u00bb1_4&#8243; _builder_version=\u00bb4.4.6&#8243;][et_pb_text _builder_version=\u00bb4.4.6&#8243; text_text_color=\u00bb#ffffff\u00bb text_font_size=\u00bb18px\u00bb text_orientation=\u00bbcenter\u00bb custom_padding=\u00bb10px|10px|10px|10px|true|true\u00bb custom_css_main_element=\u00bbbackground:#113B6A;\u00bb] Turnos 2935401018[\/et_pb_text][\/et_pb_column][et_pb_column type=\u00bb1_4&#8243; _builder_version=\u00bb4.4.6&#8243;][et_pb_button button_url=\u00bbhttps:\/\/blipdoc.com\/portal\/cmdossantos\u00bb [&hellip;]\" \/>\n<meta property=\"og:url\" content=\"https:\/\/consultoriosmedicosdrmauriciodossantos.com\/\" \/>\n<meta property=\"og:site_name\" content=\"Consultorios Medicos\" \/>\n<meta property=\"article:modified_time\" content=\"2026-03-05T12:33:28+00:00\" \/>\n<meta property=\"og:image\" content=\"https:\/\/consultoriosmedicosdrmauriciodossantos.com\/wp-content\/uploads\/2020\/05\/consultorio-tornquist-300x225.jpg\" \/>\n<meta name=\"twitter:card\" content=\"summary_large_image\" \/>\n<script type=\"application\/ld+json\" class=\"yoast-schema-graph\">{\"@context\":\"https:\/\/schema.org\",\"@graph\":[{\"@type\":\"WebSite\",\"@id\":\"https:\/\/consultoriosmedicosdrmauriciodossantos.com\/#website\",\"url\":\"https:\/\/consultoriosmedicosdrmauriciodossantos.com\/\",\"name\":\"Consultorios Medicos\",\"description\":\"Tornquist y Sierra de la Ventana\",\"potentialAction\":[{\"@type\":\"SearchAction\",\"target\":\"https:\/\/consultoriosmedicosdrmauriciodossantos.com\/?s={search_term_string}\",\"query-input\":\"required name=search_term_string\"}],\"inLanguage\":\"es\"},{\"@type\":\"ImageObject\",\"@id\":\"https:\/\/consultoriosmedicosdrmauriciodossantos.com\/#primaryimage\",\"inLanguage\":\"es\",\"url\":\"https:\/\/consultoriosmedicosdrmauriciodossantos.com\/wp-content\/uploads\/2020\/05\/consultorio-tornquist.jpg\",\"width\":1280,\"height\":960},{\"@type\":\"WebPage\",\"@id\":\"https:\/\/consultoriosmedicosdrmauriciodossantos.com\/#webpage\",\"url\":\"https:\/\/consultoriosmedicosdrmauriciodossantos.com\/\",\"name\":\"Inicio - Consultorios Medicos\",\"isPartOf\":{\"@id\":\"https:\/\/consultoriosmedicosdrmauriciodossantos.com\/#website\"},\"primaryImageOfPage\":{\"@id\":\"https:\/\/consultoriosmedicosdrmauriciodossantos.com\/#primaryimage\"},\"datePublished\":\"2022-02-17T19:57:43+00:00\",\"dateModified\":\"2026-03-05T12:33:28+00:00\",\"inLanguage\":\"es\",\"potentialAction\":[{\"@type\":\"ReadAction\",\"target\":[\"https:\/\/consultoriosmedicosdrmauriciodossantos.com\/\"]}]}]}<\/script>\n<!-- \/ Yoast SEO plugin. -->","_links":{"self":[{"href":"https:\/\/consultoriosmedicosdrmauriciodossantos.com\/index.php\/wp-json\/wp\/v2\/pages\/693"}],"collection":[{"href":"https:\/\/consultoriosmedicosdrmauriciodossantos.com\/index.php\/wp-json\/wp\/v2\/pages"}],"about":[{"href":"https:\/\/consultoriosmedicosdrmauriciodossantos.com\/index.php\/wp-json\/wp\/v2\/types\/page"}],"author":[{"embeddable":true,"href":"https:\/\/consultoriosmedicosdrmauriciodossantos.com\/index.php\/wp-json\/wp\/v2\/users\/1"}],"replies":[{"embeddable":true,"href":"https:\/\/consultoriosmedicosdrmauriciodossantos.com\/index.php\/wp-json\/wp\/v2\/comments?post=693"}],"version-history":[{"count":110,"href":"https:\/\/consultoriosmedicosdrmauriciodossantos.com\/index.php\/wp-json\/wp\/v2\/pages\/693\/revisions"}],"predecessor-version":[{"id":2092,"href":"https:\/\/consultoriosmedicosdrmauriciodossantos.com\/index.php\/wp-json\/wp\/v2\/pages\/693\/revisions\/2092"}],"wp:attachment":[{"href":"https:\/\/consultoriosmedicosdrmauriciodossantos.com\/index.php\/wp-json\/wp\/v2\/media?parent=693"}],"curies":[{"name":"wp","href":"https:\/\/api.w.org\/{rel}","templated":true}]}}